{"id":1252,"date":"2023-08-26T18:42:13","date_gmt":"2023-08-26T18:42:13","guid":{"rendered":"https:\/\/codicescontohouse.it\/?page_id=1252"},"modified":"2024-08-26T18:23:55","modified_gmt":"2024-08-26T18:23:55","slug":"blog","status":"publish","type":"page","link":"https:\/\/codicescontohouse.it\/it\/blog\/","title":{"rendered":"Blog"},"content":{"rendered":"<p><strong>Sblocca risparmi straordinari con codici sconto e offerte &#8211; Il tuo compagno di shopping definitivo Codicescontohouse.it<\/strong><\/p>\n\n\n\n<p>Preparati a portare la tua esperienza di shopping online a livelli senza precedenti con <strong>Codicescontohouse.it<\/strong>, la destinazione definitiva per sbloccare risparmi fenomenali attraverso codici sconto esclusivi ed eventi di vendita irresistibili. Che tu sia un acquirente digitale esperto o che tu stia entrando nel mondo delle offerte online per la prima volta, questa guida completa ti fornir\u00e0 le informazioni di cui hai bisogno per diventare un consumatore intelligente sulla nostra migliore piattaforma di marketing di affiliazione.<\/p>\n\n\n\n<p><strong>Accendi la magia dei codici sconto e l&#8217;entusiasmo delle vendite<\/strong><\/p>\n\n\n\n<p>Immagina i codici sconto come chiavi incantate che hanno il potere di aprire le porte a un regno di convenienza nel tuo carrello virtuale. Nel frattempo, i saldi sono come festival entusiasmanti che realizzano i tuoi desideri di shopping e mantengono intatto il tuo budget. Ma come avviene questo affascinante processo?<\/p>\n\n\n\n<p>Consideratela come una danza armoniosa tra consumatori e rivenditori. Marchi e negozi utilizzano codici sconto e offerte per coinvolgere pi\u00f9 acquirenti, aumentare le vendite e promuovere una fedelt\u00e0 duratura. In cambio, tu, l&#8217;acquirente esigente, intraprendi un viaggio pieno della gioia di acquistare prodotti eccezionali a prezzi che sfidano l&#8217;ordinario.<\/p>\n\n\n\n<p><strong>Vivi uno shopping affascinante su Codicescontohouse.it<\/strong><\/p>\n\n\n\n<p>Il tuo viaggio nel mondo del risparmio inizia qui, su Codicescontohouse.it. Armato di codici sconto esclusivi e di informazioni privilegiate sulle prossime vendite, sarai pronto per fare acquisti intelligenti e sfruttare al meglio il tuo budget per ottenere di pi\u00f9. Che tu stia rinnovando il tuo guardaroba, aggiornando la tua collezione tecnologica o concedendoti un po&#8217; di meritata cura di te stesso, ricorda che Codicescontohouse.it \u00e8 la tua porta d&#8217;accesso per sbloccare un universo di offerte straordinarie. Buono shopping!<\/p>\n\n\n\n<p>Copriamo tutte le principali categorie promuovendo codici sconto, codici promozionali, offerte, saldi, ecc. Una delle categorie principali \u00e8 la &#8220;categoria Moda&#8221;.<\/p>\n\n\n\n<p><strong>Scopri sconti irresistibili sulla moda femminile: la tua guida definitiva per risparmiare con stile!<\/strong><\/p>\n\n\n\n<p>La tua ricerca di sconti imbattibili sulla moda femminile finisce qui! Abbiamo curato con cura una raccolta delle promozioni e delle offerte pi\u00f9 interessanti, mostrando le ultime tendenze in abbigliamento, scarpe e accessori. Che tu ti stia preparando per una serata glamour, cercando il completo da lavoro perfetto o cercando di portare il tuo stile a un livello superiore con gli accessori, la nostra gamma di sconti straordinari fa al caso tuo.<\/p>\n\n\n\n<p>Dai marchi di stilisti di lusso al fast fashion a prezzi accessibili, la nostra selezione si adatta a tutti i budget e alle preferenze di moda. Immergiti nei nostri gioielli scontati di abbigliamento da donna accuratamente selezionati e scopri un mondo di stile:<\/p>\n\n\n\n<p><strong>Rivelare risparmi senza eguali: la tua migliore fonte di vendite premium e codici sconto<\/strong><\/p>\n\n\n\n<p>Pronto a migliorare i tuoi viaggi di shopping e accedere a risparmi senza precedenti? Non cercare oltre Codicescontohouse.it, il tuo hub definitivo per le vendite e i codici sconto pi\u00f9 innovativi e attuali. Che si tratti dell&#8217;euforia di Halloween, della grandiosit\u00e0 del Black Friday, delle meraviglie virtuali del Cyber \u200b\u200bMonday, dell&#8217;aura confortante del Natale, della devozione della Festa del Pap\u00e0 e della Mamma, della tranquillit\u00e0 delle vacanze autunnali o della vivacit\u00e0 dello shopping estivo, ti abbiamo coperto.<\/p>\n\n\n\n<p>Lo splendore stagionale ti aspetta!<\/p>\n\n\n\n<p><strong>Incantesimo di Halloween:<\/strong> tuffati nei saldi di Halloween e celebra la tua creativit\u00e0 scoprendo offerte irresistibili su costumi, accessori, trucco, decorazioni e altro ancora. Sono disponibili anche opzioni di intrattenimento come film, giochi e libri per emozionarti e rilassarti.<\/p>\n\n\n\n<p>Che sia il fascino del <strong>Black Friday<\/strong>, le meraviglie digitali del Cyber \u200b\u200bMonday, il calore del Natale, l&#8217;omaggio ai genitori, il fascino dell&#8217;autunno o la vivacit\u00e0 dell&#8217;estate, stai tranquillo: <strong>Codicescontohouse.it<\/strong> \u00e8 la tua porta di accesso acquisti intelligenti. Preparati a fare acquisti, risparmiare e usufruire di offerte imbattibili tutto l&#8217;anno. Divertiti a fare shopping! Preparati per lo shopping stravagante dell&#8217;anno. Assisti a sconti incredibili su tutto, dalla moda all&#8217;elettronica, aprendo la strada a un inizio incredibile per lo shopping natalizio.<\/p>\n\n\n\n<p><strong>Delizia del Cyber \u200b\u200bMonday:<\/strong> mancato il Black Friday? Non aver paura! Il Cyber \u200b\u200bMonday segna l\u2019inizio di un assalto digitale di offerte online esclusive: un paradiso sia per gli appassionati di tecnologia che per chi cerca affari.<\/p>\n\n\n\n<p><strong>Natale commovente:<\/strong> \u00e8 la stagione dei regali e abbiamo selezionato codici e offerte che aggiungono gioia e convenienza alla tua esperienza di regalo. Dai comodi maglioni ai regali premurosi, abbiamo esattamente ci\u00f2 di cui hai bisogno.<\/p>\n\n\n\n<p><strong>Onora i genitori nei loro giorni speciali:<\/strong> esprimi la tua gratitudine senza gravare sul tuo portafoglio. I nostri codici e le nostre offerte rendono facile trovare il perfetto segno di apprezzamento per i tuoi amati familiari.<\/p>\n\n\n\n<p><strong>Serenit\u00e0 autunnale:<\/strong> man mano che le foglie cambiano colore, cambiano anche gli sconti. Goditi le riduzioni dei prezzi autunnali su moda, arredamento per la casa e altro ancora.<\/p>\n\n\n\n<p><strong>Vitalit\u00e0 estiva:<\/strong> abbraccia la vibrante energia dell&#8217;estate con i nostri incredibili sconti su abbigliamento da spiaggia, attrezzatura per attivit\u00e0 all&#8217;aperto e articoli essenziali da viaggio.<\/p>\n\n\n\n<p><strong>Il tuo eterno compagno di shopping<\/strong><\/p>\n\n\n\n<p>Che tu sia un progettista accurato o un acquirente impulsivo, Codicescontohouse.it \u00e8 al tuo fianco come un fedele compagno. Il nostro incessante impegno nell&#8217;offrire i codici sconto e le vendite migliori e pi\u00f9 recenti garantisce che la tua esperienza di acquisto non sia solo fluida ma anche conveniente.<\/p>\n\n\n\n<p>Che sia il fascino del Black Friday, le meraviglie digitali del Cyber \u200b\u200bMonday, il calore del Natale, l&#8217;omaggio ai genitori, il fascino dell&#8217;autunno o la vivacit\u00e0 dell&#8217;estate, stai tranquillo: Codicescontohouse.it \u00e8 la tua porta di accesso acquisti intelligenti. Preparati a fare acquisti, risparmiare e usufruire di offerte imbattibili tutto l&#8217;anno. Divertiti a fare shopping!<\/p>","protected":false},"excerpt":{"rendered":"<p>Sblocca risparmi straordinari con codici sconto e offerte &#8211; Il tuo compagno di shopping definitivo Codicescontohouse.it Preparati a portare la tua esperienza di shopping online a livelli senza precedenti con Codicescontohouse.it, la destinazione definitiva per sbloccare risparmi fenomenali attraverso codici sconto esclusivi ed eventi di vendita irresistibili. Che tu sia un acquirente digitale esperto o&#8230;<\/p>","protected":false},"author":6,"featured_media":0,"parent":0,"menu_order":0,"comment_status":"closed","ping_status":"closed","template":"","meta":{"_acf_changed":false,"footnotes":""},"acf":[],"yoast_head":"<!-- This site is optimized with the Yoast SEO plugin v23.0 - https:\/\/yoast.com\/wordpress\/plugins\/seo\/ -->\n<title>Blog - Codice Sconto House<\/title>\n<meta name=\"robots\" content=\"index, follow, max-snippet:-1, max-image-preview:large, max-video-preview:-1\" \/>\n<link rel=\"canonical\" href=\"https:\/\/codicescontohouse.it\/it\/blog\/\" \/>\n<meta property=\"og:locale\" content=\"it_IT\" \/>\n<meta property=\"og:type\" content=\"article\" \/>\n<meta property=\"og:title\" content=\"Blog - Codice Sconto House\" \/>\n<meta property=\"og:description\" content=\"Sblocca risparmi straordinari con codici sconto e offerte &#8211; Il tuo compagno di shopping definitivo Codicescontohouse.it Preparati a portare la tua esperienza di shopping online a livelli senza precedenti con Codicescontohouse.it, la destinazione definitiva per sbloccare risparmi fenomenali attraverso codici sconto esclusivi ed eventi di vendita irresistibili. Che tu sia un acquirente digitale esperto o...\" \/>\n<meta property=\"og:url\" content=\"https:\/\/codicescontohouse.it\/it\/blog\/\" \/>\n<meta property=\"og:site_name\" content=\"Codice Sconto House\" \/>\n<meta property=\"article:modified_time\" content=\"2024-08-26T18:23:55+00:00\" \/>\n<meta name=\"twitter:card\" content=\"summary_large_image\" \/>\n<meta name=\"twitter:label1\" content=\"Tempo di lettura stimato\" \/>\n\t<meta name=\"twitter:data1\" content=\"5 minuti\" \/>\n<script type=\"application\/ld+json\" class=\"yoast-schema-graph\">{\"@context\":\"https:\/\/schema.org\",\"@graph\":[{\"@type\":\"WebPage\",\"@id\":\"https:\/\/codicescontohouse.it\/blog\/\",\"url\":\"https:\/\/codicescontohouse.it\/blog\/\",\"name\":\"Blog - Codice Sconto House\",\"isPartOf\":{\"@id\":\"https:\/\/codicescontohouse.it\/#website\"},\"datePublished\":\"2023-08-26T18:42:13+00:00\",\"dateModified\":\"2024-08-26T18:23:55+00:00\",\"breadcrumb\":{\"@id\":\"https:\/\/codicescontohouse.it\/blog\/#breadcrumb\"},\"inLanguage\":\"it-IT\",\"potentialAction\":[{\"@type\":\"ReadAction\",\"target\":[\"https:\/\/codicescontohouse.it\/blog\/\"]}]},{\"@type\":\"BreadcrumbList\",\"@id\":\"https:\/\/codicescontohouse.it\/blog\/#breadcrumb\",\"itemListElement\":[{\"@type\":\"ListItem\",\"position\":1,\"name\":\"Home\",\"item\":\"https:\/\/codicescontohouse.it\/\"},{\"@type\":\"ListItem\",\"position\":2,\"name\":\"Blog\"}]},{\"@type\":\"WebSite\",\"@id\":\"https:\/\/codicescontohouse.it\/#website\",\"url\":\"https:\/\/codicescontohouse.it\/\",\"name\":\"Codice Sconto House\",\"description\":\"Online\",\"publisher\":{\"@id\":\"https:\/\/codicescontohouse.it\/#organization\"},\"potentialAction\":[{\"@type\":\"SearchAction\",\"target\":{\"@type\":\"EntryPoint\",\"urlTemplate\":\"https:\/\/codicescontohouse.it\/?s={search_term_string}\"},\"query-input\":\"required name=search_term_string\"}],\"inLanguage\":\"it-IT\"},{\"@type\":\"Organization\",\"@id\":\"https:\/\/codicescontohouse.it\/#organization\",\"name\":\"Codice Sconto House\",\"url\":\"https:\/\/codicescontohouse.it\/\",\"logo\":{\"@type\":\"ImageObject\",\"inLanguage\":\"it-IT\",\"@id\":\"https:\/\/codicescontohouse.it\/#\/schema\/logo\/image\/\",\"url\":\"https:\/\/codicescontohouse.it\/wp-content\/uploads\/2023\/03\/Italy_LOGO-removebg-preview.png\",\"contentUrl\":\"https:\/\/codicescontohouse.it\/wp-content\/uploads\/2023\/03\/Italy_LOGO-removebg-preview.png\",\"width\":534,\"height\":179,\"caption\":\"Codice Sconto House \"},\"image\":{\"@id\":\"https:\/\/codicescontohouse.it\/#\/schema\/logo\/image\/\"}}]}<\/script>\n<!-- \/ Yoast SEO plugin. -->","yoast_head_json":{"title":"Blog - Codice Sconto House","robots":{"index":"index","follow":"follow","max-snippet":"max-snippet:-1","max-image-preview":"max-image-preview:large","max-video-preview":"max-video-preview:-1"},"canonical":"https:\/\/codicescontohouse.it\/it\/blog\/","og_locale":"it_IT","og_type":"article","og_title":"Blog - Codice Sconto House","og_description":"Sblocca risparmi straordinari con codici sconto e offerte &#8211; Il tuo compagno di shopping definitivo Codicescontohouse.it Preparati a portare la tua esperienza di shopping online a livelli senza precedenti con Codicescontohouse.it, la destinazione definitiva per sbloccare risparmi fenomenali attraverso codici sconto esclusivi ed eventi di vendita irresistibili. Che tu sia un acquirente digitale esperto o...","og_url":"https:\/\/codicescontohouse.it\/it\/blog\/","og_site_name":"Codice Sconto House","article_modified_time":"2024-08-26T18:23:55+00:00","twitter_card":"summary_large_image","twitter_misc":{"Tempo di lettura stimato":"5 minuti"},"schema":{"@context":"https:\/\/schema.org","@graph":[{"@type":"WebPage","@id":"https:\/\/codicescontohouse.it\/blog\/","url":"https:\/\/codicescontohouse.it\/blog\/","name":"Blog - Codice Sconto House","isPartOf":{"@id":"https:\/\/codicescontohouse.it\/#website"},"datePublished":"2023-08-26T18:42:13+00:00","dateModified":"2024-08-26T18:23:55+00:00","breadcrumb":{"@id":"https:\/\/codicescontohouse.it\/blog\/#breadcrumb"},"inLanguage":"it-IT","potentialAction":[{"@type":"ReadAction","target":["https:\/\/codicescontohouse.it\/blog\/"]}]},{"@type":"BreadcrumbList","@id":"https:\/\/codicescontohouse.it\/blog\/#breadcrumb","itemListElement":[{"@type":"ListItem","position":1,"name":"Home","item":"https:\/\/codicescontohouse.it\/"},{"@type":"ListItem","position":2,"name":"Blog"}]},{"@type":"WebSite","@id":"https:\/\/codicescontohouse.it\/#website","url":"https:\/\/codicescontohouse.it\/","name":"Codice Sconto House","description":"Online","publisher":{"@id":"https:\/\/codicescontohouse.it\/#organization"},"potentialAction":[{"@type":"SearchAction","target":{"@type":"EntryPoint","urlTemplate":"https:\/\/codicescontohouse.it\/?s={search_term_string}"},"query-input":"required name=search_term_string"}],"inLanguage":"it-IT"},{"@type":"Organization","@id":"https:\/\/codicescontohouse.it\/#organization","name":"Codice Sconto House","url":"https:\/\/codicescontohouse.it\/","logo":{"@type":"ImageObject","inLanguage":"it-IT","@id":"https:\/\/codicescontohouse.it\/#\/schema\/logo\/image\/","url":"https:\/\/codicescontohouse.it\/wp-content\/uploads\/2023\/03\/Italy_LOGO-removebg-preview.png","contentUrl":"https:\/\/codicescontohouse.it\/wp-content\/uploads\/2023\/03\/Italy_LOGO-removebg-preview.png","width":534,"height":179,"caption":"Codice Sconto House "},"image":{"@id":"https:\/\/codicescontohouse.it\/#\/schema\/logo\/image\/"}}]}},"_links":{"self":[{"href":"https:\/\/codicescontohouse.it\/it\/wp-json\/wp\/v2\/pages\/1252"}],"collection":[{"href":"https:\/\/codicescontohouse.it\/it\/wp-json\/wp\/v2\/pages"}],"about":[{"href":"https:\/\/codicescontohouse.it\/it\/wp-json\/wp\/v2\/types\/page"}],"author":[{"embeddable":true,"href":"https:\/\/codicescontohouse.it\/it\/wp-json\/wp\/v2\/users\/6"}],"replies":[{"embeddable":true,"href":"https:\/\/codicescontohouse.it\/it\/wp-json\/wp\/v2\/comments?post=1252"}],"version-history":[{"count":15,"href":"https:\/\/codicescontohouse.it\/it\/wp-json\/wp\/v2\/pages\/1252\/revisions"}],"predecessor-version":[{"id":4801,"href":"https:\/\/codicescontohouse.it\/it\/wp-json\/wp\/v2\/pages\/1252\/revisions\/4801"}],"wp:attachment":[{"href":"https:\/\/codicescontohouse.it\/it\/wp-json\/wp\/v2\/media?parent=1252"}],"curies":[{"name":"wp","href":"https:\/\/api.w.org\/{rel}","templated":true}]}}