{"id":1221,"date":"2023-08-23T18:53:33","date_gmt":"2023-08-23T18:53:33","guid":{"rendered":"https:\/\/codicescontohouse.it\/?page_id=1221"},"modified":"2024-08-26T18:07:16","modified_gmt":"2024-08-26T18:07:16","slug":"politica-sulla-riservatezza","status":"publish","type":"page","link":"https:\/\/codicescontohouse.it\/it\/politica-sulla-riservatezza\/","title":{"rendered":"Politica Sulla Riservatezza"},"content":{"rendered":"<p>Benvenuti su Codicescontohouse.it (Codice Scontohouse IT)! La nostra massima priorit\u00e0 \u00e8 proteggere la tua privacy e garantire la sicurezza delle tue informazioni personali. Questa Informativa sulla privacy \u00e8 progettata per far luce su come raccogliamo, utilizziamo, condividiamo e proteggiamo le tue informazioni quando utilizzi il nostro sito Web (&#8220;Sito Web&#8221;). Utilizzando o accedendo al Sito Web, acconsenti alle pratiche descritte in questa Informativa sulla privacy.<\/p>\n\n\n\n<p><strong>Welke Informatie We Verzamelen<\/strong><\/p>\n\n\n\n<ul>\n<li><strong>Informazioni personali<\/strong><\/li>\n<\/ul>\n\n\n\n<p>Ti assicuriamo che non raccogliamo alcuna informazione personale identificabile (come nome, indirizzo o indirizzo e-mail) mentre visiti il \u200b\u200bnostro sito web.<\/p>\n\n\n\n<ul>\n<li><strong>Informazioni non personali<\/strong><\/li>\n<\/ul>\n\n\n\n<p>Mentre navighi sul sito web, potremmo raccogliere informazioni non personali come il tuo indirizzo IP, tipo di browser, sistema operativo, URL di riferimento e modelli di utilizzo. Questi dati sono preziosi per migliorare il nostro sito Web e fornire un&#8217;esperienza utente pi\u00f9 fluida.<\/p>\n\n\n\n<ul>\n<li><strong>Come utilizziamo le tue informazioni<\/strong><\/li>\n<\/ul>\n\n\n\n<p>Le informazioni non personali che raccogliamo servono per analizzare tendenze, amministrare il sito, monitorare i movimenti degli utenti e raccogliere informazioni demografiche per uso generale. Queste preziose informazioni ci consentono di personalizzare i nostri servizi per soddisfare al meglio le esigenze dei nostri utenti.<\/p>\n\n\n\n<ul>\n<li><strong>Cookie e tecnologie di tracciamento<\/strong><\/li>\n<\/ul>\n\n\n\n<p>Per arricchire la tua esperienza, potremmo utilizzare cookie e altre tecnologie di tracciamento. I cookie, piccoli file di testo inseriti sul tuo dispositivo, raccolgono informazioni sulle tue attivit\u00e0 sul nostro sito web. Hai la possibilit\u00e0 di disabilitare i cookie tramite le impostazioni del tuo browser, anche se alcune funzioni del sito web potrebbero non funzionare in modo ottimale senza questi cookie.<\/p>\n\n\n\n<ul>\n<li><strong>Collegamenti da terze parti<\/strong><\/li>\n<\/ul>\n\n\n\n<p>Il nostro sito Web potrebbe contenere link a siti Web di terze parti. \u00c8 importante notare che non siamo responsabili delle politiche sulla privacy o del contenuto di questi siti Web esterni. Prima di condividere qualsiasi informazione personale, ti consigliamo di leggere le politiche sulla privacy di questi siti.<\/p>\n\n\n\n<ul>\n<li><strong>Garantire la sicurezza dei dati<\/strong><\/li>\n<\/ul>\n\n\n\n<p>Ci impegniamo per la sicurezza delle tue informazioni e abbiamo messo in atto protocolli fisici, elettronici e amministrativi adeguati per salvaguardare le informazioni che raccogliamo.<\/p>\n\n\n\n<ul>\n<li><strong>Modifiche alla presente Informativa sulla privacy<\/strong><\/li>\n<\/ul>\n\n\n\n<p>Ci riserviamo il diritto di modificare la presente informativa sulla privacy ogniqualvolta necessario. Eventuali modifiche saranno efficaci immediatamente dopo la pubblicazione della Privacy Policy aggiornata sul Sito. Si consiglia di rivedere periodicamente questa politica per rilevare possibili aggiornamenti.<\/p>\n\n\n\n<ul>\n<li><strong>Contattaci<\/strong><\/li>\n<\/ul>\n\n\n\n<p>Se avete domande, commenti o richieste riguardanti la presente informativa sulla privacy, non esitate a contattarci all&#8217;indirizzo info@codicescontohouse.it.<\/p>\n\n\n\n<p>Interagendo con il nostro sito web dichiari di accettare la presente informativa sulla privacy. Se non accetti i termini, non dovresti utilizzare il sito web.<\/p>\n\n\n\n<p>Grazie per aver affidato le tue informazioni a Codicescontohouse.it. La tua fiducia \u00e8 tutto per noi.<\/p>","protected":false},"excerpt":{"rendered":"<p>Benvenuti su Codicescontohouse.it (Codice Scontohouse IT)! La nostra massima priorit\u00e0 \u00e8 proteggere la tua privacy e garantire la sicurezza delle tue informazioni personali. Questa Informativa sulla privacy \u00e8 progettata per far luce su come raccogliamo, utilizziamo, condividiamo e proteggiamo le tue informazioni quando utilizzi il nostro sito Web (&#8220;Sito Web&#8221;). Utilizzando o accedendo al Sito&#8230;<\/p>","protected":false},"author":6,"featured_media":0,"parent":0,"menu_order":0,"comment_status":"closed","ping_status":"closed","template":"","meta":{"_acf_changed":false,"footnotes":""},"acf":[],"yoast_head":"<!-- This site is optimized with the Yoast SEO plugin v23.0 - https:\/\/yoast.com\/wordpress\/plugins\/seo\/ -->\n<title>Politica Sulla Riservatezza - Codice Sconto House<\/title>\n<meta name=\"robots\" content=\"index, follow, max-snippet:-1, max-image-preview:large, max-video-preview:-1\" \/>\n<link rel=\"canonical\" href=\"https:\/\/codicescontohouse.it\/it\/politica-sulla-riservatezza\/\" \/>\n<meta property=\"og:locale\" content=\"it_IT\" \/>\n<meta property=\"og:type\" content=\"article\" \/>\n<meta property=\"og:title\" content=\"Politica Sulla Riservatezza - Codice Sconto House\" \/>\n<meta property=\"og:description\" content=\"Benvenuti su Codicescontohouse.it (Codice Scontohouse IT)! La nostra massima priorit\u00e0 \u00e8 proteggere la tua privacy e garantire la sicurezza delle tue informazioni personali. Questa Informativa sulla privacy \u00e8 progettata per far luce su come raccogliamo, utilizziamo, condividiamo e proteggiamo le tue informazioni quando utilizzi il nostro sito Web (&#8220;Sito Web&#8221;). Utilizzando o accedendo al Sito...\" \/>\n<meta property=\"og:url\" content=\"https:\/\/codicescontohouse.it\/it\/politica-sulla-riservatezza\/\" \/>\n<meta property=\"og:site_name\" content=\"Codice Sconto House\" \/>\n<meta property=\"article:modified_time\" content=\"2024-08-26T18:07:16+00:00\" \/>\n<meta name=\"twitter:card\" content=\"summary_large_image\" \/>\n<meta name=\"twitter:label1\" content=\"Tempo di lettura stimato\" \/>\n\t<meta name=\"twitter:data1\" content=\"2 minuti\" \/>\n<script type=\"application\/ld+json\" class=\"yoast-schema-graph\">{\"@context\":\"https:\/\/schema.org\",\"@graph\":[{\"@type\":\"WebPage\",\"@id\":\"https:\/\/codicescontohouse.it\/politica-sulla-riservatezza\/\",\"url\":\"https:\/\/codicescontohouse.it\/politica-sulla-riservatezza\/\",\"name\":\"Politica Sulla Riservatezza - Codice Sconto House\",\"isPartOf\":{\"@id\":\"https:\/\/codicescontohouse.it\/#website\"},\"datePublished\":\"2023-08-23T18:53:33+00:00\",\"dateModified\":\"2024-08-26T18:07:16+00:00\",\"breadcrumb\":{\"@id\":\"https:\/\/codicescontohouse.it\/politica-sulla-riservatezza\/#breadcrumb\"},\"inLanguage\":\"it-IT\",\"potentialAction\":[{\"@type\":\"ReadAction\",\"target\":[\"https:\/\/codicescontohouse.it\/politica-sulla-riservatezza\/\"]}]},{\"@type\":\"BreadcrumbList\",\"@id\":\"https:\/\/codicescontohouse.it\/politica-sulla-riservatezza\/#breadcrumb\",\"itemListElement\":[{\"@type\":\"ListItem\",\"position\":1,\"name\":\"Home\",\"item\":\"https:\/\/codicescontohouse.it\/\"},{\"@type\":\"ListItem\",\"position\":2,\"name\":\"Politica Sulla Riservatezza\"}]},{\"@type\":\"WebSite\",\"@id\":\"https:\/\/codicescontohouse.it\/#website\",\"url\":\"https:\/\/codicescontohouse.it\/\",\"name\":\"Codice Sconto House\",\"description\":\"Online\",\"publisher\":{\"@id\":\"https:\/\/codicescontohouse.it\/#organization\"},\"potentialAction\":[{\"@type\":\"SearchAction\",\"target\":{\"@type\":\"EntryPoint\",\"urlTemplate\":\"https:\/\/codicescontohouse.it\/?s={search_term_string}\"},\"query-input\":\"required name=search_term_string\"}],\"inLanguage\":\"it-IT\"},{\"@type\":\"Organization\",\"@id\":\"https:\/\/codicescontohouse.it\/#organization\",\"name\":\"Codice Sconto House\",\"url\":\"https:\/\/codicescontohouse.it\/\",\"logo\":{\"@type\":\"ImageObject\",\"inLanguage\":\"it-IT\",\"@id\":\"https:\/\/codicescontohouse.it\/#\/schema\/logo\/image\/\",\"url\":\"https:\/\/codicescontohouse.it\/wp-content\/uploads\/2023\/03\/Italy_LOGO-removebg-preview.png\",\"contentUrl\":\"https:\/\/codicescontohouse.it\/wp-content\/uploads\/2023\/03\/Italy_LOGO-removebg-preview.png\",\"width\":534,\"height\":179,\"caption\":\"Codice Sconto House \"},\"image\":{\"@id\":\"https:\/\/codicescontohouse.it\/#\/schema\/logo\/image\/\"}}]}<\/script>\n<!-- \/ Yoast SEO plugin. -->","yoast_head_json":{"title":"Politica Sulla Riservatezza - Codice Sconto House","robots":{"index":"index","follow":"follow","max-snippet":"max-snippet:-1","max-image-preview":"max-image-preview:large","max-video-preview":"max-video-preview:-1"},"canonical":"https:\/\/codicescontohouse.it\/it\/politica-sulla-riservatezza\/","og_locale":"it_IT","og_type":"article","og_title":"Politica Sulla Riservatezza - Codice Sconto House","og_description":"Benvenuti su Codicescontohouse.it (Codice Scontohouse IT)! La nostra massima priorit\u00e0 \u00e8 proteggere la tua privacy e garantire la sicurezza delle tue informazioni personali. Questa Informativa sulla privacy \u00e8 progettata per far luce su come raccogliamo, utilizziamo, condividiamo e proteggiamo le tue informazioni quando utilizzi il nostro sito Web (&#8220;Sito Web&#8221;). Utilizzando o accedendo al Sito...","og_url":"https:\/\/codicescontohouse.it\/it\/politica-sulla-riservatezza\/","og_site_name":"Codice Sconto House","article_modified_time":"2024-08-26T18:07:16+00:00","twitter_card":"summary_large_image","twitter_misc":{"Tempo di lettura stimato":"2 minuti"},"schema":{"@context":"https:\/\/schema.org","@graph":[{"@type":"WebPage","@id":"https:\/\/codicescontohouse.it\/politica-sulla-riservatezza\/","url":"https:\/\/codicescontohouse.it\/politica-sulla-riservatezza\/","name":"Politica Sulla Riservatezza - Codice Sconto House","isPartOf":{"@id":"https:\/\/codicescontohouse.it\/#website"},"datePublished":"2023-08-23T18:53:33+00:00","dateModified":"2024-08-26T18:07:16+00:00","breadcrumb":{"@id":"https:\/\/codicescontohouse.it\/politica-sulla-riservatezza\/#breadcrumb"},"inLanguage":"it-IT","potentialAction":[{"@type":"ReadAction","target":["https:\/\/codicescontohouse.it\/politica-sulla-riservatezza\/"]}]},{"@type":"BreadcrumbList","@id":"https:\/\/codicescontohouse.it\/politica-sulla-riservatezza\/#breadcrumb","itemListElement":[{"@type":"ListItem","position":1,"name":"Home","item":"https:\/\/codicescontohouse.it\/"},{"@type":"ListItem","position":2,"name":"Politica Sulla Riservatezza"}]},{"@type":"WebSite","@id":"https:\/\/codicescontohouse.it\/#website","url":"https:\/\/codicescontohouse.it\/","name":"Codice Sconto House","description":"Online","publisher":{"@id":"https:\/\/codicescontohouse.it\/#organization"},"potentialAction":[{"@type":"SearchAction","target":{"@type":"EntryPoint","urlTemplate":"https:\/\/codicescontohouse.it\/?s={search_term_string}"},"query-input":"required name=search_term_string"}],"inLanguage":"it-IT"},{"@type":"Organization","@id":"https:\/\/codicescontohouse.it\/#organization","name":"Codice Sconto House","url":"https:\/\/codicescontohouse.it\/","logo":{"@type":"ImageObject","inLanguage":"it-IT","@id":"https:\/\/codicescontohouse.it\/#\/schema\/logo\/image\/","url":"https:\/\/codicescontohouse.it\/wp-content\/uploads\/2023\/03\/Italy_LOGO-removebg-preview.png","contentUrl":"https:\/\/codicescontohouse.it\/wp-content\/uploads\/2023\/03\/Italy_LOGO-removebg-preview.png","width":534,"height":179,"caption":"Codice Sconto House "},"image":{"@id":"https:\/\/codicescontohouse.it\/#\/schema\/logo\/image\/"}}]}},"_links":{"self":[{"href":"https:\/\/codicescontohouse.it\/it\/wp-json\/wp\/v2\/pages\/1221"}],"collection":[{"href":"https:\/\/codicescontohouse.it\/it\/wp-json\/wp\/v2\/pages"}],"about":[{"href":"https:\/\/codicescontohouse.it\/it\/wp-json\/wp\/v2\/types\/page"}],"author":[{"embeddable":true,"href":"https:\/\/codicescontohouse.it\/it\/wp-json\/wp\/v2\/users\/6"}],"replies":[{"embeddable":true,"href":"https:\/\/codicescontohouse.it\/it\/wp-json\/wp\/v2\/comments?post=1221"}],"version-history":[{"count":10,"href":"https:\/\/codicescontohouse.it\/it\/wp-json\/wp\/v2\/pages\/1221\/revisions"}],"predecessor-version":[{"id":4799,"href":"https:\/\/codicescontohouse.it\/it\/wp-json\/wp\/v2\/pages\/1221\/revisions\/4799"}],"wp:attachment":[{"href":"https:\/\/codicescontohouse.it\/it\/wp-json\/wp\/v2\/media?parent=1221"}],"curies":[{"name":"wp","href":"https:\/\/api.w.org\/{rel}","templated":true}]}}